{"id":12376,"date":"2025-09-28T23:14:01","date_gmt":"2025-09-29T04:14:01","guid":{"rendered":"https:\/\/colnumersa.edu.co\/web\/?page_id=12376"},"modified":"2025-09-30T16:52:21","modified_gmt":"2025-09-30T21:52:21","slug":"cuadro-de-honor","status":"publish","type":"page","link":"https:\/\/colnumersa.edu.co\/web\/cuadro-de-honor\/","title":{"rendered":"Cuadro de Honor"},"content":{"rendered":"<h3 style=\"text-align: center;\"><strong>Tercer Per\u00edodo Acad\u00e9mico 2025 &#8211; Sede Bachillerato<\/strong><\/h3>\n<h3 style=\"text-align: center;\"><strong><img loading=\"lazy\" decoding=\"async\" class=\"alignnone wp-image-12436\" src=\"https:\/\/colnumersa.edu.co\/web\/wp-content\/uploads\/2025\/09\/CUADRO-DE-HONOR-3-2025-300x212.png\" alt=\"\" width=\"442\" height=\"312\" srcset=\"https:\/\/colnumersa.edu.co\/web\/wp-content\/uploads\/2025\/09\/CUADRO-DE-HONOR-3-2025-300x212.png 300w, https:\/\/colnumersa.edu.co\/web\/wp-content\/uploads\/2025\/09\/CUADRO-DE-HONOR-3-2025.png 615w\" sizes=\"auto, (max-width: 442px) 100vw, 442px\" \/><\/strong><\/h3>\n<h3 style=\"text-align: center;\"><strong>Segundo Per\u00edodo Acad\u00e9mico 2025 &#8211; Sede Bachillerato<\/strong><\/h3>\n<h3 style=\"text-align: center;\"><strong><img loading=\"lazy\" decoding=\"async\" class=\"alignnone wp-image-12388\" src=\"https:\/\/colnumersa.edu.co\/web\/wp-content\/uploads\/2025\/09\/CUADRO-DE-HONOR-2-2025-300x209.png\" alt=\"\" width=\"446\" height=\"311\" srcset=\"https:\/\/colnumersa.edu.co\/web\/wp-content\/uploads\/2025\/09\/CUADRO-DE-HONOR-2-2025-300x209.png 300w, https:\/\/colnumersa.edu.co\/web\/wp-content\/uploads\/2025\/09\/CUADRO-DE-HONOR-2-2025.png 716w\" sizes=\"auto, (max-width: 446px) 100vw, 446px\" \/><\/strong><\/h3>\n<h3 style=\"text-align: center;\"><strong>Primer Per\u00edodo Acad\u00e9mico 2025 &#8211; Sede Bachillerato<\/strong><\/h3>\n<h3><strong><img loading=\"lazy\" decoding=\"async\" class=\"alignnone wp-image-12389 aligncenter\" src=\"https:\/\/colnumersa.edu.co\/web\/wp-content\/uploads\/2025\/09\/CUADRO-DE-HONOR-1-2025-300x209.png\" alt=\"\" width=\"438\" height=\"305\" srcset=\"https:\/\/colnumersa.edu.co\/web\/wp-content\/uploads\/2025\/09\/CUADRO-DE-HONOR-1-2025-300x209.png 300w, https:\/\/colnumersa.edu.co\/web\/wp-content\/uploads\/2025\/09\/CUADRO-DE-HONOR-1-2025.png 717w\" sizes=\"auto, (max-width: 438px) 100vw, 438px\" \/><\/strong><\/h3>\n","protected":false},"excerpt":{"rendered":"<p>Tercer Per\u00edodo Acad\u00e9mico 2025 &#8211; Sede Bachillerato Segundo Per\u00edodo Acad\u00e9mico 2025 &#8211; Sede Bachillerato Primer Per\u00edodo Acad\u00e9mico 2025 &#8211; Sede Bachillerato<\/p>\n","protected":false},"author":11,"featured_media":0,"parent":0,"menu_order":0,"comment_status":"closed","ping_status":"closed","template":"","meta":{"footnotes":""},"class_list":["post-12376","page","type-page","status-publish","hentry"],"_links":{"self":[{"href":"https:\/\/colnumersa.edu.co\/web\/wp-json\/wp\/v2\/pages\/12376","targetHints":{"allow":["GET"]}}],"collection":[{"href":"https:\/\/colnumersa.edu.co\/web\/wp-json\/wp\/v2\/pages"}],"about":[{"href":"https:\/\/colnumersa.edu.co\/web\/wp-json\/wp\/v2\/types\/page"}],"author":[{"embeddable":true,"href":"https:\/\/colnumersa.edu.co\/web\/wp-json\/wp\/v2\/users\/11"}],"replies":[{"embeddable":true,"href":"https:\/\/colnumersa.edu.co\/web\/wp-json\/wp\/v2\/comments?post=12376"}],"version-history":[{"count":7,"href":"https:\/\/colnumersa.edu.co\/web\/wp-json\/wp\/v2\/pages\/12376\/revisions"}],"predecessor-version":[{"id":12438,"href":"https:\/\/colnumersa.edu.co\/web\/wp-json\/wp\/v2\/pages\/12376\/revisions\/12438"}],"wp:attachment":[{"href":"https:\/\/colnumersa.edu.co\/web\/wp-json\/wp\/v2\/media?parent=12376"}],"curies":[{"name":"wp","href":"https:\/\/api.w.org\/{rel}","templated":true}]}}